{"id":631,"date":"2019-01-28T00:26:41","date_gmt":"2019-01-27T23:26:41","guid":{"rendered":"https:\/\/lastovo-bruna.com\/?page_id=631"},"modified":"2019-01-28T00:26:42","modified_gmt":"2019-01-27T23:26:42","slug":"activities","status":"publish","type":"page","link":"https:\/\/lastovo-bruna.com\/en\/activities\/","title":{"rendered":"Activities"},"content":{"rendered":"<p>U\u017eivajte u prirodi i moru Lastova, istra\u017eite kamo i\u0107i i \u0161to raditi. U nastavku imamo nekoliko prijedloga.<\/p>\n<h3>Pje\u0161a\u010denje<\/h3>\n<p>Veliki izbor pje\u0161a\u010dkih staza koje vode do skrovitih uvala ili vrhova s najljep\u0161im pogledima idealan su na\u010din za istra\u017eivanje unutra\u0161njosti otoka. Uz \u010dinjenicu da nema otrovnih i divljih \u017eivotinja, mo\u017eete opu\u0161teno \u0161etati i u\u017eivati u prekrasnoj prirodi. Staze su obilje\u017eene putokazima, a njihova ukupna du\u017eina je preko 200 km. Za pomo\u0107 oko odabira pojedine pje\u0161a\u010dke staze prema te\u017eini i afinitetima, stojimo vam na raspolaganju.<\/p>\n<h3>Biciklizam<\/h3>\n<p>Biciklirati mo\u017eete po nekim pje\u0161a\u010dkim stazama i cesti koja nije jako prometna. <a href=\"http:\/\/(https:\/\/tz-lastovo.hr\/sto-raditi\/biciklom-po-lastovu\/\">Na ovom linku mo\u017eete vidjeti nekoliko predlo\u017eenih biciklisti\u010dkih ruta sa opisom i stupnjem te\u017eine<\/a>. Ako \u017eelite unajmiti bicikl, mo\u017eemo to napraviti za vas.<\/p>\n<h3>Ronjenje<\/h3>\n<p>Ronjenje u akvatoriju Lastova omogu\u0107uje otkrivanje atraktivnog podmorja. Istra\u017eivanje bogatog podmorskog biljnog i \u017eivotinjskog svijeta, posjet olupinama brodova koji su prevozili amfore s uljem i vinom omogu\u0107uju ronila\u010dki klubovi sa Lastova, uz pratnju instruktora. Osim ronjenja s bocama, vrlo popularan je i snorkeling.<\/p>\n<h3>Ribolov<\/h3>\n<p>Za ribolov u Parku prirode Lastovsko oto\u010dje potrebno je ishoditi rekreacijsku ili sportsku dozvolu (za 1, 3, 7 ili 30 dana). Na stranicama Parka mo\u017eete prona\u0107i detaljnije o alatima i ograni\u010denjima. A ako samo \u017eelite vidjeti kako je to kad ribolov obavlja profesionalni ribar, rezervirajte ribolovni izlet u kombinaciji s ru\u010dkom. Mo\u017eda \u010dujete neku novu ribarsku pri\u010du ili do\u017eivite zanimljivu ribarsku zgodu. Za rezervaciju izleta, stojimo vam na raspolaganju.<\/p>\n<h3>Izleti<\/h3>\n<p>Otok Lastovo nudi \u0161irok izbor izleta, a neizostavni dio ponude je izlet na oto\u010di\u0107 Mladine sa poznatom pje\u0161\u010danom pla\u017eom Saplun. Mo\u017eete posjetiti samo nju, a mo\u017eete tamo provesti nekoliko sati i u sklopu drugih izleta kao \u0161to je onaj oko otoka Lastova. Neki od njih uklju\u010duju ru\u010dak u cijenu. Vrlo zanimljiv je izlet na otok Su\u0161ac sa istoimenim svjetionikom, koji je i najzapadniji teritorij op\u0107ine Lastovo. Ako \u017eelite do\u017eivjeti tradiciju ribarstva preporu\u010damo ve\u0107 navedeni ribarski izlet koji je opisan u rubrici <em>Ribolov<\/em>.<\/p>\n<h3>Promatranje zvijezda<\/h3>\n<p>Nebo iznad otoka Lastova je jedno od najtamnijih u svijetu zbog niske zaga\u0111enosti svijetlom. Iz tog razloga i zbog dobrog polo\u017eaja, za vrijeme vedrih no\u0107i imate osje\u0107aj da mo\u017eete \u201eskinuti\u201c i prebrojati sve zvijezde, a da pri tom nije uzrok udarac u glavu :). Mlije\u010dna staza se vidi golim okom. Kao dobro mjesto sa kojeg mo\u017eete promatrati zvjezdano nebo isti\u010de se vrh Hum (417m), odnosno obli\u017enji vidikovac Gali\u010dine sa heliodromom koji se nalazi na kraju asfaltirane ceste za Hum.<\/p>\n<h3>Lastovski Poklad<\/h3>\n<p>Manifestacija je to koja se odvija svaku godinu ve\u0107 vi\u0161e od 536 godina i obilje\u017eava najva\u017eniji doga\u0111aj za Lastovo, dan kada se obranilo od napada Katalonskog brodovlja i time dobilo svoju slobodu. Pokladne sve\u010danosti po\u010dinju 17.01. (Sv. Antun) i traju do \u010ciste Srijede (Pepelnice). Vikendima su plesovi (bala) u Sali u Lastovu. Glavni \u010din se odvija u Pretili utornik (dan prije Pepelnice). Lastovski Poklad je progla\u0161en nematerijalnim kulturnim dobrom Republike Hrvatske. Ako \u017eelite posjetiti Lastovo i nije vam najbitnije da to bude u ljetnom razdoblju, predla\u017eemo da do\u0111ete upravo za vrijeme Poklada kako bi uz lokalno stanovni\u0161tvo sudjelovali u tradiciji koja se odr\u017eava od 1483. godine. Obavezno ponesite i maske! <a href=\"http:\/\/www.lastovski-poklad.hr\/stranice\/obicaj.html\">Vi\u0161e o pokladnom obi\u010daju mo\u017eete prona\u0107i ovdje<\/a>.<\/p>\n<h3>Ljetne ve\u010deri<\/h3>\n<p>Tijekom sezone organiziraju se zabavne ve\u010deri na kojima nastupa folklorno kulturno-umjetni\u010dko dru\u0161tvo Lastovo, mu\u0161ka i \u017eenska Klapa sa gostima ili tematske ve\u010deri kao \u0161to je ve\u010der oto\u010dnih proizvoda ili ribarska ve\u010der i sli\u010dno. Festivali Lastovo otok glazbe i Lastovo u zvijezdama svake godine privla\u010di sve ve\u0107i broj posjetitelja. Program Kulturnog ljeta koji se objavljuje neposredno pred sezonu mo\u017eete prona\u0107i u Turisti\u010dkom uredu, a tako\u0111er \u0107emo vas i mi obavijestiti o najzanimljivijim doga\u0111anjima.<\/p>\n<h3>Obilazak znamenitosti<\/h3>\n<p>Lastovska povijest tijekom koje je otok promijenio mnogo vladara, bogata je i zanimljiva. Predla\u017eemo da posjetite neke od 46 crkvica koliko ih se nalazi na otoku, Kne\u017eev dvor sa zavi\u010dajnim muzejom u crkvici Sv. Ivana, obratite pa\u017enju na fumare, specifi\u010dne dimnjake Lastova i sl. Posjetiti mjesto mo\u017eete i uz pratnju lokalnog vodi\u010da koji \u0107e vam ispri\u010dati povijest i pokazati karakteristi\u010dne lokacije.<\/p>\n<h3>Najam plovila\/vozila<\/h3>\n<p>Ukoliko posjedujete dozvolu za upravljanje istim, svoj dan mo\u017eete organizirati tako da unajmite \u010damac, gliser ili jet ski te otplovite do udaljenih uvala koje su slabo pristupa\u010dne s kopnene strane \u0161to vam jam\u010di intimu. Obrti za iznajmljivanje se nalaze u blizini smje\u0161tajnog objekta, a u svojoj ponudi imaju i kajake, SUP, dasku za jedrenje, te dodatnu opremu za zabavu na vodi (skuter tube i flyboard). Ako dolazite na otok bez vozila, ovdje mo\u017eete iznajmiti automobil, skuter, bicikl ili elektri\u010dni skuter. Slobodno nas kontaktirajte za sve rezervacije ili kontakte od obrta koji iznajmljuju navedeno.<\/p>\n<h3>Gastronomija<\/h3>\n<p>Obiteljska poljoprivredna gospodarstva, konobe i restorani nude veliki izbor jela me\u0111u kojima mo\u017eete prona\u0107i ona koja su tradicionalna i zna\u010dajna za ovaj otok. Doma\u0107e vino, ulje, rakije i marmelade, svje\u017ea riba i povr\u0107e uzgojeno u lastovskim poljima, glavni su sastojci autohtonih jela. Nagradite svoja nepca i u\u017eivajte u okusima. Od lokalnih proizvo\u0111a\u010da mo\u017eete kupiti oto\u010dne proivode (vino, ulje, kapare, marmelada, motar, smokve u pro\u0161eku, likeri, arancini i sli\u010dno) te ih odnijeti sa sobom kao vrijedni suvenir sa Lastova ili pokloniti dragoj osobi.<\/p>\n","protected":false},"excerpt":{"rendered":"<p>U\u017eivajte u prirodi i moru Lastova, istra\u017eite kamo i\u0107i i \u0161to raditi. U nastavku imamo nekoliko prijedloga. Pje\u0161a\u010denje Veliki izbor pje\u0161a\u010dkih staza koje vode do skrovitih uvala ili vrhova s najljep\u0161im pogledima idealan su na\u010din za istra\u017eivanje unutra\u0161njosti otoka. Uz \u010dinjenicu da nema otrovnih i divljih \u017eivotinja, mo\u017eete opu\u0161teno \u0161etati i u\u017eivati u prekrasnoj prirodi. [&hellip;]<\/p>\n","protected":false},"author":1,"featured_media":0,"parent":0,"menu_order":0,"comment_status":"closed","ping_status":"closed","template":"","meta":{"footnotes":""},"class_list":["post-631","page","type-page","status-publish","hentry"],"_links":{"self":[{"href":"https:\/\/lastovo-bruna.com\/en\/wp-json\/wp\/v2\/pages\/631","targetHints":{"allow":["GET"]}}],"collection":[{"href":"https:\/\/lastovo-bruna.com\/en\/wp-json\/wp\/v2\/pages"}],"about":[{"href":"https:\/\/lastovo-bruna.com\/en\/wp-json\/wp\/v2\/types\/page"}],"author":[{"embeddable":true,"href":"https:\/\/lastovo-bruna.com\/en\/wp-json\/wp\/v2\/users\/1"}],"replies":[{"embeddable":true,"href":"https:\/\/lastovo-bruna.com\/en\/wp-json\/wp\/v2\/comments?post=631"}],"version-history":[{"count":1,"href":"https:\/\/lastovo-bruna.com\/en\/wp-json\/wp\/v2\/pages\/631\/revisions"}],"predecessor-version":[{"id":643,"href":"https:\/\/lastovo-bruna.com\/en\/wp-json\/wp\/v2\/pages\/631\/revisions\/643"}],"wp:attachment":[{"href":"https:\/\/lastovo-bruna.com\/en\/wp-json\/wp\/v2\/media?parent=631"}],"curies":[{"name":"wp","href":"https:\/\/api.w.org\/{rel}","templated":true}]}}