{"id":635,"date":"2019-01-28T00:29:12","date_gmt":"2019-01-27T23:29:12","guid":{"rendered":"https:\/\/lastovo-bruna.com\/?page_id=635"},"modified":"2019-01-28T00:29:14","modified_gmt":"2019-01-27T23:29:14","slug":"hum-hill","status":"publish","type":"page","link":"https:\/\/lastovo-bruna.com\/en\/hum-hill\/","title":{"rendered":"Hum Hill"},"content":{"rendered":"\n<p>Hum je najve\u0107i vrh na Lastovu s visinom od 417 metara. Legenda vezana za crkvicu sv. Jurja koja se nalazi na vrhu govori o doga\u0111aju iz 1483. kada je Lastovo trebalo biti napadnuto od strane Katalanskog brodovlja. Katalanski gusar je do\u0161ao upozoriti lastovce da se predaju ili \u0107e uskoro biti napadnuti. Vidjev\u0161i kako se neprijateljska flota kre\u0107e prema otoku, popeli su se sa svojim sve\u0107enikom do crkvice sv. Jurja odakle su promatrali kako im se pribli\u017eavaju Katalani i molili da ih Bog sa\u010duva od lo\u0161e sudbine. Tada je po\u010delo veliko nevrijeme i potopilo neprijateljske brodove u Lastovskom kanalu i na taj na\u010din spasilo lastovce. Daljnje postupanje sa gusarom svake godine se obilje\u017eava na poznatoj manifestaciji Lastovski poklad. Do vrha vodi asfaltirana cesta koja pred kraj skre\u0107e na makadamski put te je dostupno automobilom, a vrlo je zanimljiv planinarima koji do njega dolaze ozna\u010denim pje\u0161a\u010dkim stazama. Jedna po\u010dinje u blizini Vinog polja, a druga u blizini Skrivene Luke. S vrha se pru\u017ea nezaboravan pogled na lastovski arhipelag, Vejo Lago, luku Ubli, naselje Lastovo, Skrivenu Luku i svjetionik Strugu, Vrhovnjake, Su\u0161ac i ostale oto\u010di\u0107e. Malo ispod vrha, na kraju asfaltirane ceste, nalazi se vidikovac Gali\u010dine sa kojeg su snimljene najpoznatije slike Skrivene Luke. Na povrtku s vrha pru\u017ea se predivan pogled na zalazak sunca. Ovo je najbolje mjesto za do\u017eivljaj percepcije o veli\u010dini otoka Lastova i njegovom zemljopisnom polo\u017eaju u odnosu na susjednu Kor\u010dulu, Mljet i Vis. Obavezno ga posjetite!<\/p>\n","protected":false},"excerpt":{"rendered":"<p>Hum je najve\u0107i vrh na Lastovu s visinom od 417 metara. Legenda vezana za crkvicu sv. Jurja koja se nalazi na vrhu govori o doga\u0111aju iz 1483. kada je Lastovo trebalo biti napadnuto od strane Katalanskog brodovlja. Katalanski gusar je do\u0161ao upozoriti lastovce da se predaju ili \u0107e uskoro biti napadnuti. Vidjev\u0161i kako se neprijateljska [&hellip;]<\/p>\n","protected":false},"author":1,"featured_media":823,"parent":0,"menu_order":0,"comment_status":"closed","ping_status":"closed","template":"","meta":{"footnotes":""},"class_list":["post-635","page","type-page","status-publish","has-post-thumbnail","hentry"],"_links":{"self":[{"href":"https:\/\/lastovo-bruna.com\/en\/wp-json\/wp\/v2\/pages\/635","targetHints":{"allow":["GET"]}}],"collection":[{"href":"https:\/\/lastovo-bruna.com\/en\/wp-json\/wp\/v2\/pages"}],"about":[{"href":"https:\/\/lastovo-bruna.com\/en\/wp-json\/wp\/v2\/types\/page"}],"author":[{"embeddable":true,"href":"https:\/\/lastovo-bruna.com\/en\/wp-json\/wp\/v2\/users\/1"}],"replies":[{"embeddable":true,"href":"https:\/\/lastovo-bruna.com\/en\/wp-json\/wp\/v2\/comments?post=635"}],"version-history":[{"count":1,"href":"https:\/\/lastovo-bruna.com\/en\/wp-json\/wp\/v2\/pages\/635\/revisions"}],"predecessor-version":[{"id":653,"href":"https:\/\/lastovo-bruna.com\/en\/wp-json\/wp\/v2\/pages\/635\/revisions\/653"}],"wp:featuredmedia":[{"embeddable":true,"href":"https:\/\/lastovo-bruna.com\/en\/wp-json\/wp\/v2\/media\/823"}],"wp:attachment":[{"href":"https:\/\/lastovo-bruna.com\/en\/wp-json\/wp\/v2\/media?parent=635"}],"curies":[{"name":"wp","href":"https:\/\/api.w.org\/{rel}","templated":true}]}}