{"id":636,"date":"2019-01-28T00:29:29","date_gmt":"2019-01-27T23:29:29","guid":{"rendered":"https:\/\/lastovo-bruna.com\/?page_id=636"},"modified":"2019-01-28T00:29:31","modified_gmt":"2019-01-27T23:29:31","slug":"the-lastovo-carnival","status":"publish","type":"page","link":"https:\/\/lastovo-bruna.com\/en\/the-lastovo-carnival\/","title":{"rendered":"The Lastovo Carnival"},"content":{"rendered":"\n<p> Pokladni obi\u010daji (u obliku i sadr\u017eaju kakvog danas poznajemo) povezan je sa opsadom Kor\u010dule od strane Maura (Katalana) 1483. godine. Po narodnoj predaji te godine Katalani posla\u0161e svog glasnika sa zahtjevom da se Lastovci bez borbe predaju. Lastovci su, me\u0111utim, glasnika zadr\u017eali. Kako se glasnik nije vra\u0107ao, Katalani se vojskom ukrcanom na brodove uputi\u0161e prema Lastovu u namjeri da porobe i zauzmu otok. Kad je osmatra\u010d na izvidnici iznad mjesta Lastova ugledao brodovlje, okrene se prema mjestu i zavi\u010de: &#8220;Kukuriku gornje selo, kukuriku donje selo! Eto idu Katalani i bit \u0107emo svi poklani!&#8221; Tada Lastovci sa svojim sve\u0107enikom napuste mjesto i pope\u0161e se na brdo Hum do crkvice Sv. Jurja i molitvi da ih Bog sa\u010duva od Katalana promatra\u0161e dolazak brodovlja. Tada u\u010dini veliko nevrijeme, potopi brodove, a ostatak se okrene i vrati u Kor\u010dulu, te se nikad vi\u0161e ne vrati\u0161e na Lastovo. Kada su Lastovci vidjeli \u0161to se dogodilo i da je pogibelj pro\u0161la, sretni i radosni vrati\u0161e se u mjesto. Uzmu Katalanskog glasnika, stave ga na tovara, te provedu kroz selo uz porugu i ismijavanje. Puste ga tri puta niz rastegnutu uzu, dovedu na Dolac gdje mu presude. \u010cinjenica je da povik osmatra\u010da &#8220;Kukuriku gornje selo, kukuriku donje selo&#8221; sa\u010duvana je i do danas, kao i obi\u010daj hodo\u010da\u0161\u0107enja Lastovaca (bosi) do crkve Sv. Jurja. Od tih davnih vremena Lastovci su ljubomorno \u010duvali, oplemenjivali i sa\u010duvali obi\u010daj Lastovskog Poklada prenose\u0107i ga usmenom predajom &#8220;s koljena na koljeno&#8221;. Poklad je svojim po\u010detkom, trajanjem i zavr\u0161etkom vezan uz kalendar katoli\u010dkih blagdana. Pokladni obi\u010daji po\u010dinju blagdanom Sv. Antuna, a zavr\u0161avaju \u010cistom sredom. Pokladni obi\u010daj isklju\u010divo je vezan za mjesto Lastovo, osim kupljenja jaja. <\/p>\n\n\n\n<p><em>Tekst preuzet sa web stranice udruge <\/em>Lastovski poklad<\/p>\n\n\n\n<figure class=\"wp-block-embed-youtube aligncenter wp-block-embed is-type-video is-provider-youtube wp-embed-aspect-16-9 wp-has-aspect-ratio\"><div class=\"wp-block-embed__wrapper\">\n<div class=\"video-container\"><iframe loading=\"lazy\" title=\"The Rule of Poklad\" width=\"500\" height=\"281\" src=\"https:\/\/www.youtube.com\/embed\/tNx01yiGvo0?feature=oembed\" frameborder=\"0\" allow=\"accelerometer; autoplay; clipboard-write; encrypted-media; gyroscope; picture-in-picture; web-share\" referrerpolicy=\"strict-origin-when-cross-origin\" allowfullscreen><\/iframe><\/div>\n<\/div><figcaption>Video o obi\u010daju Lastovskog poklada<\/figcaption><\/figure>\n","protected":false},"excerpt":{"rendered":"<p>Pokladni obi\u010daji (u obliku i sadr\u017eaju kakvog danas poznajemo) povezan je sa opsadom Kor\u010dule od strane Maura (Katalana) 1483. godine. Po narodnoj predaji te godine Katalani posla\u0161e svog glasnika sa zahtjevom da se Lastovci bez borbe predaju. Lastovci su, me\u0111utim, glasnika zadr\u017eali. Kako se glasnik nije vra\u0107ao, Katalani se vojskom ukrcanom na brodove uputi\u0161e prema [&hellip;]<\/p>\n","protected":false},"author":1,"featured_media":822,"parent":0,"menu_order":0,"comment_status":"closed","ping_status":"closed","template":"","meta":{"footnotes":""},"class_list":["post-636","page","type-page","status-publish","has-post-thumbnail","hentry"],"_links":{"self":[{"href":"https:\/\/lastovo-bruna.com\/en\/wp-json\/wp\/v2\/pages\/636","targetHints":{"allow":["GET"]}}],"collection":[{"href":"https:\/\/lastovo-bruna.com\/en\/wp-json\/wp\/v2\/pages"}],"about":[{"href":"https:\/\/lastovo-bruna.com\/en\/wp-json\/wp\/v2\/types\/page"}],"author":[{"embeddable":true,"href":"https:\/\/lastovo-bruna.com\/en\/wp-json\/wp\/v2\/users\/1"}],"replies":[{"embeddable":true,"href":"https:\/\/lastovo-bruna.com\/en\/wp-json\/wp\/v2\/comments?post=636"}],"version-history":[{"count":1,"href":"https:\/\/lastovo-bruna.com\/en\/wp-json\/wp\/v2\/pages\/636\/revisions"}],"predecessor-version":[{"id":654,"href":"https:\/\/lastovo-bruna.com\/en\/wp-json\/wp\/v2\/pages\/636\/revisions\/654"}],"wp:featuredmedia":[{"embeddable":true,"href":"https:\/\/lastovo-bruna.com\/en\/wp-json\/wp\/v2\/media\/822"}],"wp:attachment":[{"href":"https:\/\/lastovo-bruna.com\/en\/wp-json\/wp\/v2\/media?parent=636"}],"curies":[{"name":"wp","href":"https:\/\/api.w.org\/{rel}","templated":true}]}}