{"id":637,"date":"2019-01-28T00:30:26","date_gmt":"2019-01-27T23:30:26","guid":{"rendered":"https:\/\/lastovo-bruna.com\/?page_id=637"},"modified":"2019-01-28T00:30:27","modified_gmt":"2019-01-27T23:30:27","slug":"lastovo-town","status":"publish","type":"page","link":"https:\/\/lastovo-bruna.com\/en\/lastovo-town\/","title":{"rendered":"Lastovo town"},"content":{"rendered":"\n<p>Lastovo, odnosno Selo kako ga lokalno stanovni\u0161tvo naziva, najve\u0107e je mjesto na otoku Lastovu i osim zbog svog amfiteatralnog oblika zanimljivo je zbog \u010dinjenice da nije izgra\u0111eno na samoj obali kao i ostala mjesta na otoku ve\u0107 u kopnenom dijelu. Smje\u0161teno je na strmoj osun\u010danoj padini iznad plodnog polja Lokavja, a okru\u017euju ga vrhovi Ka\u0161\u0107el (sa istoimenom utvrdom u kojoj se danas nalazi meteorolo\u0161ka stanica), Glavica, Sv. Lucija i Forteca. Zbog svog polo\u017eaja, mjesto amfiteatralnog oblika bilo je za\u0161ti\u0107eno od gusarskih napada \u0161to mu je osiguralo konstantan razvoj kroz stolje\u0107a. Glavni napredak i razvoj dogodio se za vrijeme pripojenja Dubrova\u010dkoj Republici. Danas naselje ima ulogu administrativnog, dru\u0161tvenog i kulturnog sredi\u0161ta otoka. Stilsko i morfolo\u0161ko bogatstvo profane i sakralne arhitekture Sela, s dominantnom renesansnom fazom, civilizacijski atributi urbaniteta, akcentirani karakteristi\u010dnim dimnjacima, obilje prirodne, materijalne i nematerijalne kulturne ba\u0161tine \u010dine Lastovo jedinstvenom oto\u010dnom cjelinom. Stoga ga je Ministarstvo kulture za\u0161titilo kao kulturno-povijesnu cjelinu. Od znamenitosti isti\u010du se Kne\u017eev dvor ili Palac, crkve sv. Kuzme i Damjana, sv. Marije na gr\u017ei, sv. Antoneta, sv. Marije u polju, sv. Josipa, sv. Augustina, sv. Vicenca i drugih svetaca zna\u010dajnim Lastovcima, te dimnjaci koji se zovu fumari.<\/p>\n","protected":false},"excerpt":{"rendered":"<p>Lastovo, odnosno Selo kako ga lokalno stanovni\u0161tvo naziva, najve\u0107e je mjesto na otoku Lastovu i osim zbog svog amfiteatralnog oblika zanimljivo je zbog \u010dinjenice da nije izgra\u0111eno na samoj obali kao i ostala mjesta na otoku ve\u0107 u kopnenom dijelu. Smje\u0161teno je na strmoj osun\u010danoj padini iznad plodnog polja Lokavja, a okru\u017euju ga vrhovi Ka\u0161\u0107el [&hellip;]<\/p>\n","protected":false},"author":1,"featured_media":817,"parent":0,"menu_order":0,"comment_status":"closed","ping_status":"closed","template":"","meta":{"footnotes":""},"class_list":["post-637","page","type-page","status-publish","has-post-thumbnail","hentry"],"_links":{"self":[{"href":"https:\/\/lastovo-bruna.com\/en\/wp-json\/wp\/v2\/pages\/637","targetHints":{"allow":["GET"]}}],"collection":[{"href":"https:\/\/lastovo-bruna.com\/en\/wp-json\/wp\/v2\/pages"}],"about":[{"href":"https:\/\/lastovo-bruna.com\/en\/wp-json\/wp\/v2\/types\/page"}],"author":[{"embeddable":true,"href":"https:\/\/lastovo-bruna.com\/en\/wp-json\/wp\/v2\/users\/1"}],"replies":[{"embeddable":true,"href":"https:\/\/lastovo-bruna.com\/en\/wp-json\/wp\/v2\/comments?post=637"}],"version-history":[{"count":1,"href":"https:\/\/lastovo-bruna.com\/en\/wp-json\/wp\/v2\/pages\/637\/revisions"}],"predecessor-version":[{"id":655,"href":"https:\/\/lastovo-bruna.com\/en\/wp-json\/wp\/v2\/pages\/637\/revisions\/655"}],"wp:featuredmedia":[{"embeddable":true,"href":"https:\/\/lastovo-bruna.com\/en\/wp-json\/wp\/v2\/media\/817"}],"wp:attachment":[{"href":"https:\/\/lastovo-bruna.com\/en\/wp-json\/wp\/v2\/media?parent=637"}],"curies":[{"name":"wp","href":"https:\/\/api.w.org\/{rel}","templated":true}]}}