{"id":640,"date":"2019-01-28T00:31:44","date_gmt":"2019-01-27T23:31:44","guid":{"rendered":"https:\/\/lastovo-bruna.com\/?page_id=640"},"modified":"2019-01-28T00:31:46","modified_gmt":"2019-01-27T23:31:46","slug":"what-to-see","status":"publish","type":"page","link":"https:\/\/lastovo-bruna.com\/en\/what-to-see\/","title":{"rendered":"What to see?"},"content":{"rendered":"\n<h3 class=\"wp-block-heading\">Fumari<\/h3>\n\n\n\n<p>Ukra\u0161eni dimnjaci, specifi\u010dno je obilje\u017eje lastovske ku\u0107e \u010dija je izgradnja isticala imu\u0107nost vlasnika.<\/p>\n\n\n\n<div class=\"teaser\"><img loading=\"lazy\" decoding=\"async\" width=\"300\" height=\"108\" class=\"alignnone size-medium wp-image-400\" src=\"https:\/\/lastovo-bruna.com\/wp-content\/uploads\/2019\/01\/lastovo-fumari-300x108.jpg\" alt=\"\" srcset=\"https:\/\/lastovo-bruna.com\/wp-content\/uploads\/2019\/01\/lastovo-fumari-300x108.jpg 300w, https:\/\/lastovo-bruna.com\/wp-content\/uploads\/2019\/01\/lastovo-fumari-768x276.jpg 768w, https:\/\/lastovo-bruna.com\/wp-content\/uploads\/2019\/01\/lastovo-fumari-1024x368.jpg 1024w, https:\/\/lastovo-bruna.com\/wp-content\/uploads\/2019\/01\/lastovo-fumari-80x29.jpg 80w, https:\/\/lastovo-bruna.com\/wp-content\/uploads\/2019\/01\/lastovo-fumari.jpg 1920w\" sizes=\"auto, (max-width: 300px) 100vw, 300px\" \/><\/div>\n\n\n\n<h3 class=\"wp-block-heading\">Crkva sv. Kuzme i Damjana<\/h3>\n\n\n\n<p>\u017dupna crkva iz 15.st. \u010dije za\u0161titnike Lastovo slavi 26.09., ispred crkve se nalazi trijem u kojem su Lastovci donosili najva\u017enije odluke. Tijekom Kulturnog ljeta na tom mjestu se odigrava predstava povijesne tematike \u2013 Do\u010dek lastovskog kneza, u kojoj sudjeluju folklorno dru\u0161tvo i lastovske klape.<\/p>\n\n\n\n<div class=\"teaser\"><figure><img loading=\"lazy\" decoding=\"async\" width=\"300\" height=\"108\" class=\"alignnone size-medium wp-image-417\" src=\"https:\/\/lastovo-bruna.com\/wp-content\/uploads\/2019\/01\/lastovo-kuzmadamjan-300x108.jpg\" alt=\"\" srcset=\"https:\/\/lastovo-bruna.com\/wp-content\/uploads\/2019\/01\/lastovo-kuzmadamjan-300x108.jpg 300w, https:\/\/lastovo-bruna.com\/wp-content\/uploads\/2019\/01\/lastovo-kuzmadamjan-768x276.jpg 768w, https:\/\/lastovo-bruna.com\/wp-content\/uploads\/2019\/01\/lastovo-kuzmadamjan-1024x368.jpg 1024w, https:\/\/lastovo-bruna.com\/wp-content\/uploads\/2019\/01\/lastovo-kuzmadamjan-80x29.jpg 80w, https:\/\/lastovo-bruna.com\/wp-content\/uploads\/2019\/01\/lastovo-kuzmadamjan.jpg 1920w\" sizes=\"auto, (max-width: 300px) 100vw, 300px\" \/><\/figure><\/div>\n\n\n\n<h3 class=\"wp-block-heading\">Kne\u017eev dvor (Palac)<\/h3>\n\n\n\n<p>Rezidencija dubrova\u010dkog namjesnika, kneza, te kasnije obitelji Grbin. Sa\u010duvani inventar je vrlo bogat kao i zbirka amfora prona\u0111enih u lastovskom podmorju. U sklopu Kne\u017eevog dvora mo\u017eete posjetiti i crkvicu sv. Ivana Krstitelja u kojoj se nalazi etnografska zbirka predmeta iz oto\u010dke povijesti.<\/p>\n\n\n\n<div class=\"teaser\"><figure><img loading=\"lazy\" decoding=\"async\" width=\"300\" height=\"102\" class=\"alignnone size-medium wp-image-459\" src=\"https:\/\/lastovo-bruna.com\/wp-content\/uploads\/2019\/01\/lastovo-kascelinterijer-300x102.jpg\" alt=\"\" srcset=\"https:\/\/lastovo-bruna.com\/wp-content\/uploads\/2019\/01\/lastovo-kascelinterijer-300x102.jpg 300w, https:\/\/lastovo-bruna.com\/wp-content\/uploads\/2019\/01\/lastovo-kascelinterijer-768x260.jpg 768w, https:\/\/lastovo-bruna.com\/wp-content\/uploads\/2019\/01\/lastovo-kascelinterijer-1024x347.jpg 1024w, https:\/\/lastovo-bruna.com\/wp-content\/uploads\/2019\/01\/lastovo-kascelinterijer-80x27.jpg 80w, https:\/\/lastovo-bruna.com\/wp-content\/uploads\/2019\/01\/lastovo-kascelinterijer.jpg 1920w\" sizes=\"auto, (max-width: 300px) 100vw, 300px\" \/><\/figure><\/div>\n\n\n\n<h3 class=\"wp-block-heading\">Ka\u0161\u0107el<\/h3>\n\n\n\n<p>Na brdu iznad Lastova izgra\u0111en je od strane dubrova\u010dke vlasti. Danas se koristi kao meteorolo\u0161ka stanica sa ure\u0111enim vidikovcem.<\/p>\n\n\n\n<div class=\"teaser\"><figure><img loading=\"lazy\" decoding=\"async\" width=\"300\" height=\"108\" class=\"alignnone size-medium wp-image-406\" src=\"https:\/\/lastovo-bruna.com\/wp-content\/uploads\/2019\/01\/lastovo-kascel-300x108.jpg\" alt=\"\" srcset=\"https:\/\/lastovo-bruna.com\/wp-content\/uploads\/2019\/01\/lastovo-kascel-300x108.jpg 300w, https:\/\/lastovo-bruna.com\/wp-content\/uploads\/2019\/01\/lastovo-kascel-768x276.jpg 768w, https:\/\/lastovo-bruna.com\/wp-content\/uploads\/2019\/01\/lastovo-kascel-1024x368.jpg 1024w, https:\/\/lastovo-bruna.com\/wp-content\/uploads\/2019\/01\/lastovo-kascel-80x29.jpg 80w, https:\/\/lastovo-bruna.com\/wp-content\/uploads\/2019\/01\/lastovo-kascel.jpg 1920w\" sizes=\"auto, (max-width: 300px) 100vw, 300px\" \/><\/figure><\/div>\n\n\n\n<h3 class=\"wp-block-heading\">Lastovski statut<\/h3>\n\n\n\n<p>Donesen 10. sije\u010dnja 1310. (jedan od najstarijih) ure\u0111uje obi\u010dajno pravo koje se primjenjivalo na otoku te su jasno odre\u0111eni radni, dru\u0161tveni, gospodarski, nasljedni i drugi odnosi unutar zajednice \u010dime su oto\u010danima bila zajam\u010dena sva prava.<\/p>\n\n\n\n<div class=\"teaser\"><img loading=\"lazy\" decoding=\"async\" width=\"300\" height=\"108\" class=\"alignnone size-medium wp-image-531\" src=\"https:\/\/lastovo-bruna.com\/wp-content\/uploads\/2019\/01\/lastovski-statut-300x108.jpg\" alt=\"\" srcset=\"https:\/\/lastovo-bruna.com\/wp-content\/uploads\/2019\/01\/lastovski-statut-300x108.jpg 300w, https:\/\/lastovo-bruna.com\/wp-content\/uploads\/2019\/01\/lastovski-statut-768x276.jpg 768w, https:\/\/lastovo-bruna.com\/wp-content\/uploads\/2019\/01\/lastovski-statut-1024x368.jpg 1024w, https:\/\/lastovo-bruna.com\/wp-content\/uploads\/2019\/01\/lastovski-statut-80x29.jpg 80w, https:\/\/lastovo-bruna.com\/wp-content\/uploads\/2019\/01\/lastovski-statut.jpg 1920w\" sizes=\"auto, (max-width: 300px) 100vw, 300px\" \/><\/div>\n\n\n\n<h3 class=\"wp-block-heading\">Poklad<\/h3>\n\n\n\n<p>Obi\u010daj stariji od 535 godina koji predstavlja obranu Lastovaca od gusara, kada su zarobili njihovog glasnika, a gusarske brodove potopilo je nevrijeme. Pokladno vrijeme je vrijeme opu\u0161tanja, zabave i pu\u010dkog ludovanja, a traje od 17. sije\u010dnja do Pepelnice. Lastovski poklad je progla\u0161en nematerijalnim kulturnim dobrom Republike Hrvatske.<\/p>\n\n\n\n<div class=\"teaser\"><figure><img loading=\"lazy\" decoding=\"async\" width=\"300\" height=\"108\" class=\"alignnone size-medium wp-image-452\" src=\"https:\/\/lastovo-bruna.com\/wp-content\/uploads\/2019\/01\/lastovo-poklad-300x108.jpg\" alt=\"\" srcset=\"https:\/\/lastovo-bruna.com\/wp-content\/uploads\/2019\/01\/lastovo-poklad-300x108.jpg 300w, https:\/\/lastovo-bruna.com\/wp-content\/uploads\/2019\/01\/lastovo-poklad-768x276.jpg 768w, https:\/\/lastovo-bruna.com\/wp-content\/uploads\/2019\/01\/lastovo-poklad-1024x368.jpg 1024w, https:\/\/lastovo-bruna.com\/wp-content\/uploads\/2019\/01\/lastovo-poklad-80x29.jpg 80w, https:\/\/lastovo-bruna.com\/wp-content\/uploads\/2019\/01\/lastovo-poklad.jpg 1920w\" sizes=\"auto, (max-width: 300px) 100vw, 300px\" \/><\/figure><\/div>\n\n\n\n<h3 class=\"wp-block-heading\">Promatranje zvijezda<\/h3>\n\n\n\n<p>Lastovo je lokacija s najljep\u0161im zvjezdanim nebom u Europi zbog udaljenosti od kopna i svih mogu\u0107ih zaga\u0111enja te kao takva, pogodna je za postavljanje teleskopa i promatranje. Milijuni zvijezda ostavljaju promatra\u010de bez daha.<\/p>\n\n\n\n<div class=\"teaser\"><figure><img loading=\"lazy\" decoding=\"async\" width=\"300\" height=\"108\" class=\"alignnone size-medium wp-image-426\" src=\"https:\/\/lastovo-bruna.com\/wp-content\/uploads\/2019\/01\/lastovo-zvjezdanonebo-300x108.jpg\" alt=\"\" srcset=\"https:\/\/lastovo-bruna.com\/wp-content\/uploads\/2019\/01\/lastovo-zvjezdanonebo-300x108.jpg 300w, https:\/\/lastovo-bruna.com\/wp-content\/uploads\/2019\/01\/lastovo-zvjezdanonebo-768x276.jpg 768w, https:\/\/lastovo-bruna.com\/wp-content\/uploads\/2019\/01\/lastovo-zvjezdanonebo-1024x368.jpg 1024w, https:\/\/lastovo-bruna.com\/wp-content\/uploads\/2019\/01\/lastovo-zvjezdanonebo-80x29.jpg 80w, https:\/\/lastovo-bruna.com\/wp-content\/uploads\/2019\/01\/lastovo-zvjezdanonebo.jpg 1920w\" sizes=\"auto, (max-width: 300px) 100vw, 300px\" \/><\/figure><\/div>\n\n\n\n<h3 class=\"wp-block-heading\">Ronjenje<\/h3>\n\n\n\n<p>Lastovo je pravi podvodni raj za ronioce, bogat florom i faunom, podvodnim \u0161piljama u kojima je nekada obitavala morska medvjedica, arheolo\u0161kim nalazi\u0161tima potopljenih galija s amforama. Ronjenje je mogu\u0107e isklju\u010divo uz pratnju instruktora ronjenja jednog od ronila\u010dkih centara na Lastovu.<\/p>\n\n\n\n<h3 class=\"wp-block-heading\">Saplun (Mladine)<\/h3>\n\n\n\n<p>Oto\u010di\u0107 u Lastovskom arhipelagu s jednom od rijetkih pje\u0161\u010danih pla\u017ea do koje se mo\u017ee do\u0107i brodicom i organiziranim izletima.<\/p>\n\n\n\n<div class=\"teaser\"><figure><img loading=\"lazy\" decoding=\"async\" width=\"300\" height=\"108\" class=\"alignnone size-medium wp-image-444\" src=\"https:\/\/lastovo-bruna.com\/wp-content\/uploads\/2019\/01\/lastovo-saplunmladine-300x108.jpg\" alt=\"\" srcset=\"https:\/\/lastovo-bruna.com\/wp-content\/uploads\/2019\/01\/lastovo-saplunmladine-300x108.jpg 300w, https:\/\/lastovo-bruna.com\/wp-content\/uploads\/2019\/01\/lastovo-saplunmladine-768x276.jpg 768w, https:\/\/lastovo-bruna.com\/wp-content\/uploads\/2019\/01\/lastovo-saplunmladine-1024x368.jpg 1024w, https:\/\/lastovo-bruna.com\/wp-content\/uploads\/2019\/01\/lastovo-saplunmladine-80x29.jpg 80w, https:\/\/lastovo-bruna.com\/wp-content\/uploads\/2019\/01\/lastovo-saplunmladine.jpg 1920w\" sizes=\"auto, (max-width: 300px) 100vw, 300px\" \/><\/figure><\/div>\n\n\n\n<h3 class=\"wp-block-heading\">Struga<\/h3>\n\n\n\n<p>Svjetionik na istoimenom rtu izgra\u0111en 1839. \u0161to ga \u010dini jednim od najstarijih svjetionika na Jadranu. Nalazi se na sredini ju\u017ene strane otoka, na morskom ulazu u Skrivenu luku. Svjetionik je smje\u0161ten uz sami rub litice visoke 90 metara na \u010dijim strminama se gnijezdi rijedak eleonorin sokol.<\/p>\n\n\n\n<div class=\"teaser\"><figure><img loading=\"lazy\" decoding=\"async\" width=\"300\" height=\"108\" class=\"alignnone size-medium wp-image-434\" src=\"https:\/\/lastovo-bruna.com\/wp-content\/uploads\/2019\/01\/lastovo-svjetionikstruga-300x108.jpg\" alt=\"\" srcset=\"https:\/\/lastovo-bruna.com\/wp-content\/uploads\/2019\/01\/lastovo-svjetionikstruga-300x108.jpg 300w, https:\/\/lastovo-bruna.com\/wp-content\/uploads\/2019\/01\/lastovo-svjetionikstruga-768x276.jpg 768w, https:\/\/lastovo-bruna.com\/wp-content\/uploads\/2019\/01\/lastovo-svjetionikstruga-1024x368.jpg 1024w, https:\/\/lastovo-bruna.com\/wp-content\/uploads\/2019\/01\/lastovo-svjetionikstruga-80x29.jpg 80w, https:\/\/lastovo-bruna.com\/wp-content\/uploads\/2019\/01\/lastovo-svjetionikstruga.jpg 1920w\" sizes=\"auto, (max-width: 300px) 100vw, 300px\" \/><\/figure><\/div>\n\n\n\n<h3 class=\"wp-block-heading\">Ra\u010da spilja<\/h3>\n\n\n\n<p>Za\u0161ti\u0107eni geomorfolo\u0161ki spomenik prirode i arheolo\u0161ko nalazi\u0161te duljine 70 metara, nalazi se na jugoisto\u010dnoj strani otoka. Sadr\u017ei mno\u0161tvo oblika stalaktita i stalagmita, a u njoj obitavaju kolonije nekih od 16 vrsta \u0161i\u0161mi\u0161a koliko ih ima na otoku. Molimo da ih ne ometate i ne uni\u0161tavate unutra\u0161njost \u0161pilje! Mogu\u0107 je organizirani posjet Ra\u010doj spilji.<\/p>\n\n\n\n<div class=\"teaser\"><figure><img loading=\"lazy\" decoding=\"async\" width=\"300\" height=\"108\" class=\"alignnone size-medium wp-image-430\" src=\"https:\/\/lastovo-bruna.com\/wp-content\/uploads\/2019\/01\/lastovo-racaspilja-300x108.jpg\" alt=\"\" srcset=\"https:\/\/lastovo-bruna.com\/wp-content\/uploads\/2019\/01\/lastovo-racaspilja-300x108.jpg 300w, https:\/\/lastovo-bruna.com\/wp-content\/uploads\/2019\/01\/lastovo-racaspilja-768x276.jpg 768w, https:\/\/lastovo-bruna.com\/wp-content\/uploads\/2019\/01\/lastovo-racaspilja-1024x368.jpg 1024w, https:\/\/lastovo-bruna.com\/wp-content\/uploads\/2019\/01\/lastovo-racaspilja-80x29.jpg 80w, https:\/\/lastovo-bruna.com\/wp-content\/uploads\/2019\/01\/lastovo-racaspilja.jpg 1920w\" sizes=\"auto, (max-width: 300px) 100vw, 300px\" \/><\/figure><\/div>\n\n\n\n<h3 class=\"wp-block-heading\">Vojni objekti<\/h3>\n\n\n\n<p>Na otoku Lastovu nalazi se nekoliko vojnih objekata uklju\u010duju\u0107i tunele, bunkere i potkope koji podsje\u0107aju na vrijeme kada je Lastovo bilo jedna od va\u017enijih baza Jugoslavenske vojske. U to vrijeme, pristup strancima otoku Lastovu je bio zabranjen kao i na otoku Visu \u0161to je dovelo do stagnacije gospodarstva na otoku, a s druge strane je omogu\u0107ilo o\u010duvanje lastovske prirode. Na\u017ealost, ovi objekti su sada devastirani i u derutnom stanju, ali je mogu\u0107e stvoriti sliku koliku su va\u017enost imali za tada\u0161nju vojsku.<\/p>\n\n\n\n<div class=\"teaser\"><figure><img loading=\"lazy\" decoding=\"async\" width=\"300\" height=\"108\" class=\"alignnone size-medium wp-image-440\" src=\"https:\/\/lastovo-bruna.com\/wp-content\/uploads\/2019\/01\/lastovo-vojniobjekti-300x108.jpg\" alt=\"\" srcset=\"https:\/\/lastovo-bruna.com\/wp-content\/uploads\/2019\/01\/lastovo-vojniobjekti-300x108.jpg 300w, https:\/\/lastovo-bruna.com\/wp-content\/uploads\/2019\/01\/lastovo-vojniobjekti-768x276.jpg 768w, https:\/\/lastovo-bruna.com\/wp-content\/uploads\/2019\/01\/lastovo-vojniobjekti-1024x368.jpg 1024w, https:\/\/lastovo-bruna.com\/wp-content\/uploads\/2019\/01\/lastovo-vojniobjekti-80x29.jpg 80w, https:\/\/lastovo-bruna.com\/wp-content\/uploads\/2019\/01\/lastovo-vojniobjekti.jpg 1920w\" sizes=\"auto, (max-width: 300px) 100vw, 300px\" \/><\/figure><\/div>\n\n\n\n<h3 class=\"wp-block-heading\">Hum<\/h3>\n\n\n\n<p>Najvi\u0161i vrh Lastova (417 m) zanimljiv zbog \u0161irokih vidika, za vrijeme velike vidljivosti vidi se talijanska obala. Na povratku s vrha preporu\u010damo zaustavljanje zbog najljep\u0161eg zalaska sunca.<\/p>\n\n\n\n<div class=\"teaser\"><figure><img loading=\"lazy\" decoding=\"async\" width=\"300\" height=\"108\" class=\"alignnone size-medium wp-image-442\" src=\"https:\/\/lastovo-bruna.com\/wp-content\/uploads\/2019\/01\/lastovo-hum-300x108.jpg\" alt=\"\" srcset=\"https:\/\/lastovo-bruna.com\/wp-content\/uploads\/2019\/01\/lastovo-hum-300x108.jpg 300w, https:\/\/lastovo-bruna.com\/wp-content\/uploads\/2019\/01\/lastovo-hum-768x276.jpg 768w, https:\/\/lastovo-bruna.com\/wp-content\/uploads\/2019\/01\/lastovo-hum-1024x368.jpg 1024w, https:\/\/lastovo-bruna.com\/wp-content\/uploads\/2019\/01\/lastovo-hum-80x29.jpg 80w, https:\/\/lastovo-bruna.com\/wp-content\/uploads\/2019\/01\/lastovo-hum.jpg 1920w\" sizes=\"auto, (max-width: 300px) 100vw, 300px\" \/><\/figure><\/div>\n","protected":false},"excerpt":{"rendered":"<p>Fumari Ukra\u0161eni dimnjaci, specifi\u010dno je obilje\u017eje lastovske ku\u0107e \u010dija je izgradnja isticala imu\u0107nost vlasnika. Crkva sv. Kuzme i Damjana \u017dupna crkva iz 15.st. \u010dije za\u0161titnike Lastovo slavi 26.09., ispred crkve se nalazi trijem u kojem su Lastovci donosili najva\u017enije odluke. Tijekom Kulturnog ljeta na tom mjestu se odigrava predstava povijesne tematike \u2013 Do\u010dek lastovskog kneza, [&hellip;]<\/p>\n","protected":false},"author":1,"featured_media":0,"parent":0,"menu_order":0,"comment_status":"closed","ping_status":"closed","template":"","meta":{"footnotes":""},"class_list":["post-640","page","type-page","status-publish","hentry"],"_links":{"self":[{"href":"https:\/\/lastovo-bruna.com\/en\/wp-json\/wp\/v2\/pages\/640","targetHints":{"allow":["GET"]}}],"collection":[{"href":"https:\/\/lastovo-bruna.com\/en\/wp-json\/wp\/v2\/pages"}],"about":[{"href":"https:\/\/lastovo-bruna.com\/en\/wp-json\/wp\/v2\/types\/page"}],"author":[{"embeddable":true,"href":"https:\/\/lastovo-bruna.com\/en\/wp-json\/wp\/v2\/users\/1"}],"replies":[{"embeddable":true,"href":"https:\/\/lastovo-bruna.com\/en\/wp-json\/wp\/v2\/comments?post=640"}],"version-history":[{"count":1,"href":"https:\/\/lastovo-bruna.com\/en\/wp-json\/wp\/v2\/pages\/640\/revisions"}],"predecessor-version":[{"id":658,"href":"https:\/\/lastovo-bruna.com\/en\/wp-json\/wp\/v2\/pages\/640\/revisions\/658"}],"wp:attachment":[{"href":"https:\/\/lastovo-bruna.com\/en\/wp-json\/wp\/v2\/media?parent=640"}],"curies":[{"name":"wp","href":"https:\/\/api.w.org\/{rel}","templated":true}]}}