{"id":641,"date":"2019-01-28T00:26:16","date_gmt":"2019-01-27T23:26:16","guid":{"rendered":"https:\/\/lastovo-bruna.com\/?page_id=641"},"modified":"2019-01-30T17:44:12","modified_gmt":"2019-01-30T16:44:12","slug":"starry-skies","status":"publish","type":"page","link":"https:\/\/lastovo-bruna.com\/en\/starry-skies\/","title":{"rendered":"Starry skies"},"content":{"rendered":"\n<p>Lastovo je otok o\u010duvanog tamnog neba, turistima poznat kao &#8220;otok kristalnih zvijezda&#8221;. Milijuni zvijezda koje ostavljaju promatra\u010da bez daha prizor je o kojem svjedo\u010de svi koji su posjetili otok Lastovo. Nigdje drugdje nisu vidjeli no\u0107no nebo tako osuto zvijezdama. Ovaj lai\u010dki dojam potvrdili su 2008. slovenski astrofotografi Mikuz &nbsp;Herman i Andrej Mohar. Obznanili su da je Lastovo lokacija s najljep\u0161im zvjezdanim nebom u Europi zbog udaljenosti od kopna i svih mogu\u0107ih zaga\u0111enja. Kao takva, pogodna je za postavljanje teleskopa i promatranje. Lastovo bi zahvaljuju\u0107i tome moglo postati Europski astronomski park. Na cijelom otoku obi\u010dna javna rasvjeta jo\u0161 je 2012. godine zamijenjena ekorasvjetom; postavljeno je 235 uli\u010dnih lampa sa svjetlosnim snopom usmjerenim prema zemlji, upravo kako bi se eliminiralo svjetlosno zaga\u0111enje.<\/p>\n","protected":false},"excerpt":{"rendered":"<p>Lastovo je otok o\u010duvanog tamnog neba, turistima poznat kao &#8220;otok kristalnih zvijezda&#8221;. Milijuni zvijezda koje ostavljaju promatra\u010da bez daha prizor je o kojem svjedo\u010de svi koji su posjetili otok Lastovo. Nigdje drugdje nisu vidjeli no\u0107no nebo tako osuto zvijezdama. Ovaj lai\u010dki dojam potvrdili su 2008. slovenski astrofotografi Mikuz &nbsp;Herman i Andrej Mohar. Obznanili su da [&hellip;]<\/p>\n","protected":false},"author":1,"featured_media":807,"parent":0,"menu_order":0,"comment_status":"closed","ping_status":"closed","template":"","meta":{"footnotes":""},"class_list":["post-641","page","type-page","status-publish","has-post-thumbnail","hentry"],"_links":{"self":[{"href":"https:\/\/lastovo-bruna.com\/en\/wp-json\/wp\/v2\/pages\/641","targetHints":{"allow":["GET"]}}],"collection":[{"href":"https:\/\/lastovo-bruna.com\/en\/wp-json\/wp\/v2\/pages"}],"about":[{"href":"https:\/\/lastovo-bruna.com\/en\/wp-json\/wp\/v2\/types\/page"}],"author":[{"embeddable":true,"href":"https:\/\/lastovo-bruna.com\/en\/wp-json\/wp\/v2\/users\/1"}],"replies":[{"embeddable":true,"href":"https:\/\/lastovo-bruna.com\/en\/wp-json\/wp\/v2\/comments?post=641"}],"version-history":[{"count":2,"href":"https:\/\/lastovo-bruna.com\/en\/wp-json\/wp\/v2\/pages\/641\/revisions"}],"predecessor-version":[{"id":705,"href":"https:\/\/lastovo-bruna.com\/en\/wp-json\/wp\/v2\/pages\/641\/revisions\/705"}],"wp:featuredmedia":[{"embeddable":true,"href":"https:\/\/lastovo-bruna.com\/en\/wp-json\/wp\/v2\/media\/807"}],"wp:attachment":[{"href":"https:\/\/lastovo-bruna.com\/en\/wp-json\/wp\/v2\/media?parent=641"}],"curies":[{"name":"wp","href":"https:\/\/api.w.org\/{rel}","templated":true}]}}